{"id":43,"date":"2019-03-10T17:45:31","date_gmt":"2019-03-10T17:45:31","guid":{"rendered":"http:\/\/35.228.24.140\/?page_id=43"},"modified":"2024-11-15T14:49:04","modified_gmt":"2024-11-15T13:49:04","slug":"om-oss","status":"publish","type":"page","link":"https:\/\/kampkomiteen.net\/?page_id=43","title":{"rendered":"Om oss"},"content":{"rendered":"<div id=\"fb-root\"><\/div>\n\n<p>Kampkomiteen ble stiftet 9. februar 2019. Vi arbeider under slagordet: <strong>Arbeidere og undertrykte i alle land, foren dere!<\/strong> Vi organiserer m\u00f8ter, setter opp plakater, g\u00e5r i demonstrasjoner og gjennomf\u00f8rer andre aktiviteter for \u00e5 skritt for skritt organisere flere mennesker for \u00e5 oppn\u00e5 v\u00e5re m\u00e5l.<\/p>\n\n\n\n<p>Vi har aktive lokale avdelinger i Oslo, Bergen, Trondheim og Kristiansand, og medlemmer og venner flere andre steder.<\/p>\n\n\n\n<p>Vi skriver i v\u00e5r <a href=\"https:\/\/kampkomiteen.net\/?p=8000\" data-type=\"link\" data-id=\"https:\/\/kampkomiteen.net\/?p=8000\">prinsipperkl\u00e6ring<\/a>:<\/p>\n\n\n\n<p><em>Kampkomiteen har f\u00f8lgende m\u00e5l:<br>1. Vi vil styrke den antiimperialistiske fronten i v\u00e5rt land og i hele verden.<br>2. Vi vil reise kamp mot norsk imperialisme, med sin stat og sine monopolselskaper, mot yankee-imperialismen, verdens eneste hegemoniske supermakt og hovedfiende av verdens folk, og mot alle andre imperialistiske makter.<br>3. Vi vil hovedsakelig g\u00e5 til arbeiderklassen for \u00e5 organisere denne, s\u00e6rlig de fattigste.<br>4. Vi vil ta utgangspunkt i flertallets grunnleggende behov og konkrete problemer, og skritt for skritt heve niv\u00e5et p\u00e5 massenes politiske bevissthet, kamp og organisering.<br>5. Vi vil delta i kampen som bare kan seire ved \u00e5 forene alle undertrykte folk og klasser.<\/em><\/p>\n\n\n\n<p>Er man enig i v\u00e5rt <a href=\"https:\/\/kampkomiteen.net\/?page_id=14\" data-type=\"link\" data-id=\"https:\/\/kampkomiteen.net\/?page_id=14\">program<\/a> kan man <a href=\"https:\/\/kampkomiteen.net\/?page_id=12\" data-type=\"link\" data-id=\"https:\/\/kampkomiteen.net\/?page_id=12\">kontakte oss<\/a> for \u00e5 bli medlem eller bidra p\u00e5 andre m\u00e5ter.<\/p>\n\n\n\n<p>Her er noen eksempler p\u00e5 v\u00e5r aktivitet fra de siste \u00e5rene:<\/p>\n\n\n\n<figure class=\"wp-block-embed is-type-wp-embed is-provider-kampkomiteen wp-block-embed-kampkomiteen\"><div class=\"wp-block-embed__wrapper\">\n<blockquote class=\"wp-embedded-content\" data-secret=\"9Ciz2RNHjL\"><a href=\"https:\/\/kampkomiteen.net\/?p=7249\">1. mai 2024: Kraftfulle antiimperialistiske markeringer<\/a><\/blockquote><iframe loading=\"lazy\" class=\"wp-embedded-content\" sandbox=\"allow-scripts\" security=\"restricted\" style=\"position: absolute; visibility: hidden;\" title=\"&laquo;1. mai 2024: Kraftfulle antiimperialistiske markeringer&raquo; &#8212; Kampkomiteen\" src=\"https:\/\/kampkomiteen.net\/?p=7249&#038;embed=true#?secret=oLto3KAqhU#?secret=9Ciz2RNHjL\" data-secret=\"9Ciz2RNHjL\" width=\"600\" height=\"338\" frameborder=\"0\" marginwidth=\"0\" marginheight=\"0\" scrolling=\"no\"><\/iframe>\n<\/div><\/figure>\n\n\n\n<figure class=\"wp-block-embed is-type-wp-embed is-provider-kampkomiteen wp-block-embed-kampkomiteen\"><div class=\"wp-block-embed__wrapper\">\n<blockquote class=\"wp-embedded-content\" data-secret=\"kUNdQUPcJL\"><a href=\"https:\/\/kampkomiteen.net\/?p=6996\">Oslo: 8. mars mot imperialisme, patriarkat og sionisme<\/a><\/blockquote><iframe loading=\"lazy\" class=\"wp-embedded-content\" sandbox=\"allow-scripts\" security=\"restricted\" style=\"position: absolute; visibility: hidden;\" title=\"&laquo;Oslo: 8. mars mot imperialisme, patriarkat og sionisme&raquo; &#8212; Kampkomiteen\" src=\"https:\/\/kampkomiteen.net\/?p=6996&#038;embed=true#?secret=HNc9peC701#?secret=kUNdQUPcJL\" data-secret=\"kUNdQUPcJL\" width=\"600\" height=\"338\" frameborder=\"0\" marginwidth=\"0\" marginheight=\"0\" scrolling=\"no\"><\/iframe>\n<\/div><\/figure>\n\n\n\n<figure class=\"wp-block-embed is-type-wp-embed is-provider-kampkomiteen wp-block-embed-kampkomiteen\"><div class=\"wp-block-embed__wrapper\">\n<blockquote class=\"wp-embedded-content\" data-secret=\"zfh7J1JSwL\"><a href=\"https:\/\/kampkomiteen.net\/?p=7928\">Bergen: \u00c5pent m\u00f8te om antiimperialisme<\/a><\/blockquote><iframe loading=\"lazy\" class=\"wp-embedded-content\" sandbox=\"allow-scripts\" security=\"restricted\" style=\"position: absolute; visibility: hidden;\" title=\"&laquo;Bergen: \u00c5pent m\u00f8te om antiimperialisme&raquo; &#8212; Kampkomiteen\" src=\"https:\/\/kampkomiteen.net\/?p=7928&#038;embed=true#?secret=m4GgogE188#?secret=zfh7J1JSwL\" data-secret=\"zfh7J1JSwL\" width=\"600\" height=\"338\" frameborder=\"0\" marginwidth=\"0\" marginheight=\"0\" scrolling=\"no\"><\/iframe>\n<\/div><\/figure>\n\n\n\n<figure class=\"wp-block-embed is-type-wp-embed is-provider-kampkomiteen wp-block-embed-kampkomiteen\"><div class=\"wp-block-embed__wrapper\">\n<blockquote class=\"wp-embedded-content\" data-secret=\"JGLC5jT74w\"><a href=\"https:\/\/kampkomiteen.net\/?p=7633\">Kristiansand: Plakater for markering mot politivold og rasisme<\/a><\/blockquote><iframe loading=\"lazy\" class=\"wp-embedded-content\" sandbox=\"allow-scripts\" security=\"restricted\" style=\"position: absolute; visibility: hidden;\" title=\"&laquo;Kristiansand: Plakater for markering mot politivold og rasisme&raquo; &#8212; Kampkomiteen\" src=\"https:\/\/kampkomiteen.net\/?p=7633&#038;embed=true#?secret=KsuqKiH4JK#?secret=JGLC5jT74w\" data-secret=\"JGLC5jT74w\" width=\"600\" height=\"338\" frameborder=\"0\" marginwidth=\"0\" marginheight=\"0\" scrolling=\"no\"><\/iframe>\n<\/div><\/figure>\n\n\n\n<figure class=\"wp-block-embed is-type-wp-embed is-provider-kampkomiteen wp-block-embed-kampkomiteen\"><div class=\"wp-block-embed__wrapper\">\n<blockquote class=\"wp-embedded-content\" data-secret=\"SKHQMUWeUG\"><a href=\"https:\/\/kampkomiteen.net\/?p=7855\">Oslo: Flaggdropp for Palestina<\/a><\/blockquote><iframe loading=\"lazy\" class=\"wp-embedded-content\" sandbox=\"allow-scripts\" security=\"restricted\" style=\"position: absolute; visibility: hidden;\" title=\"&laquo;Oslo: Flaggdropp for Palestina&raquo; &#8212; Kampkomiteen\" src=\"https:\/\/kampkomiteen.net\/?p=7855&#038;embed=true#?secret=QFLuhJdr8o#?secret=SKHQMUWeUG\" data-secret=\"SKHQMUWeUG\" width=\"600\" height=\"338\" frameborder=\"0\" marginwidth=\"0\" marginheight=\"0\" scrolling=\"no\"><\/iframe>\n<\/div><\/figure>\n\n\n\n<p><\/p>\n\n\n\n<p><\/p>\n\n\n\n<p><\/p>\n","protected":false},"excerpt":{"rendered":"<p>Kampkomiteen ble stiftet 9. februar 2019. Vi arbeider under slagordet: Arbeidere og undertrykte i alle land, foren dere! Vi organiserer<\/p>\n","protected":false},"author":2,"featured_media":0,"parent":0,"menu_order":0,"comment_status":"closed","ping_status":"closed","template":"","meta":{"advanced_seo_description":"","jetpack_seo_html_title":"","jetpack_seo_noindex":false,"footnotes":""},"class_list":["post-43","page","type-page","status-publish","hentry"],"jetpack_shortlink":"https:\/\/wp.me\/PchuPf-H","jetpack-related-posts":[{"id":14,"url":"https:\/\/kampkomiteen.net\/?page_id=14","url_meta":{"origin":43,"position":0},"title":"V\u00e5rt program","author":"mollymovitz","date":"3. mars 2019","format":false,"excerpt":"Kampkomiteen arbeider i tr\u00e5d med v\u00e5rt program. Vil du kjempe for disse sakene sammen med oss? Bli med i Kampkomiteen! Arbeidere og undertrykte i alle land, foren dere! PROGRAM 1. Kamp mot imperialismen, det \u00f8konomiske og politiske systemet som i dag hersker i hele verden. Imperialismen deler verden inn i\u2026","rel":"","context":"Liknende innlegg","block_context":{"text":"Liknende innlegg","link":""},"img":{"alt_text":"","src":"","width":0,"height":0},"classes":[]},{"id":9599,"url":"https:\/\/kampkomiteen.net\/?page_id=9599","url_meta":{"origin":43,"position":1},"title":"Uttalelser","author":"mollymovitz","date":"28. september 2025","format":false,"excerpt":"Ned med \u00abOperasjon Kagaar\u00bb! 17. mars 2026 USA \u2013 hendene vekk fra Iran! 3. mars 2026 Ut p\u00e5 gata 8. mars! 23. februar 2026 Internasjonal kampanje: Yankee-imperialismen ut av Venezuela! 13. januar 2026 USA \u2013 henda vekk fra Venezuela! 4. januar 2026 Fellesuttalelse: Stopp forf\u00f8lgelsen av solidaritetsbevegelsen for Palestina! 9.\u2026","rel":"","context":"Liknende innlegg","block_context":{"text":"Liknende innlegg","link":""},"img":{"alt_text":"","src":"","width":0,"height":0},"classes":[]},{"id":12,"url":"https:\/\/kampkomiteen.net\/?page_id=12","url_meta":{"origin":43,"position":2},"title":"Kontakt oss","author":"mollymovitz","date":"3. mars 2019","format":false,"excerpt":"Ta gjerne kontakt med oss! V\u00e5r e-postadresse er: kampkomiteen@protonmail.com Har man sp\u00f8rsm\u00e5l, \u00f8nsker kontakt eller vil bli medlem oppfordrer vi til \u00e5 sende en e-post eller kontakte en av v\u00e5re lokale avdelinger. Vi uttaler oss ikke til kapitalistenes medier.Man kan bruke kryptert e-post (PGP) n\u00e5r man skriver til oss. Les\u2026","rel":"","context":"Liknende innlegg","block_context":{"text":"Liknende innlegg","link":""},"img":{"alt_text":"","src":"","width":0,"height":0},"classes":[]}],"jetpack_sharing_enabled":true,"_links":{"self":[{"href":"https:\/\/kampkomiteen.net\/index.php?rest_route=\/wp\/v2\/pages\/43","targetHints":{"allow":["GET"]}}],"collection":[{"href":"https:\/\/kampkomiteen.net\/index.php?rest_route=\/wp\/v2\/pages"}],"about":[{"href":"https:\/\/kampkomiteen.net\/index.php?rest_route=\/wp\/v2\/types\/page"}],"author":[{"embeddable":true,"href":"https:\/\/kampkomiteen.net\/index.php?rest_route=\/wp\/v2\/users\/2"}],"replies":[{"embeddable":true,"href":"https:\/\/kampkomiteen.net\/index.php?rest_route=%2Fwp%2Fv2%2Fcomments&post=43"}],"version-history":[{"count":3,"href":"https:\/\/kampkomiteen.net\/index.php?rest_route=\/wp\/v2\/pages\/43\/revisions"}],"predecessor-version":[{"id":8012,"href":"https:\/\/kampkomiteen.net\/index.php?rest_route=\/wp\/v2\/pages\/43\/revisions\/8012"}],"wp:attachment":[{"href":"https:\/\/kampkomiteen.net\/index.php?rest_route=%2Fwp%2Fv2%2Fmedia&parent=43"}],"curies":[{"name":"wp","href":"https:\/\/api.w.org\/{rel}","templated":true}]}}