{"id":12,"date":"2019-03-03T23:22:42","date_gmt":"2019-03-03T23:22:42","guid":{"rendered":"http:\/\/35.228.24.140\/?page_id=12"},"modified":"2024-11-15T14:45:41","modified_gmt":"2024-11-15T13:45:41","slug":"kontakt-oss","status":"publish","type":"page","link":"https:\/\/kampkomiteen.net\/?page_id=12","title":{"rendered":"Kontakt oss"},"content":{"rendered":"<div id=\"fb-root\"><\/div>\n\n<p>Ta gjerne kontakt med oss! V\u00e5r e-postadresse er:<\/p>\n\n\n\n<p><a href=\"mailto:kampkomiteen@protonmail.com\">kampkomiteen@protonmail.com<\/a>   <\/p>\n\n\n\n<p>Har man sp\u00f8rsm\u00e5l, \u00f8nsker kontakt eller vil bli medlem oppfordrer vi til \u00e5 sende en e-post eller kontakte en av v\u00e5re lokale avdelinger.<\/p>\n\n\n\n<p>Vi uttaler oss ikke til kapitalistenes medier.<br><br>Man kan bruke kryptert e-post (PGP) n\u00e5r man skriver til oss. Les mer om PGP <a href=\"https:\/\/proton.me\/support\/how-to-use-pgp\" data-type=\"link\" data-id=\"https:\/\/proton.me\/support\/how-to-use-pgp\">her<\/a> eller <a href=\"https:\/\/ctemplar.com\/how-to-set-up-and-use-pretty-good-privacy-pgp\/\" data-type=\"link\" data-id=\"https:\/\/ctemplar.com\/how-to-set-up-and-use-pretty-good-privacy-pgp\/\">her<\/a>.<\/p>\n\n\n\n<h3 class=\"wp-block-heading\">PGP-n\u00f8kkel<\/h3>\n\n\n\n<pre class=\"wp-block-code\"><code>-----BEGIN PGP PUBLIC KEY BLOCK-----\n\nmQINBGXFUpgBEAD3nSVVD380C\/2+nmes7vllfa6zanmIMlm4DgTf3eRapTP0lAPe\nf53\/TEx2EO4jKqZDh0ddya4CqUVcN19CdZ\/fR3DJhI5U2F3S1YkrpqcVG8sY8N2\/\nkHEMmOXi4aPoYw3pZdeuGEPsQaVCEkM\/ZhsgXqBTmdvUV8qxPQ4RbzEDQyrtGmKL\ndAM\/Ep4nGnGl8eQAH2PJkmeZamYh+Fe9c1B4In3Dd8KKGJssTciPUZgEK13xKajW\ntVtWj4rGnc4Y0aQFiZ+6VjIdSw00CEO8b\/hjTkjqOUUfKny5wf8sAIxY2bDYcMdA\nFl3nnkNQCepPNN3i7Vh34k9z51jIE7d2\/NJW0cYZoz1Il2miifT\/AD71o9LY4dEn\nE7Woeq0EKcNoxOGOofxL4dmrOBb4lEgpo6D\/VLpTOB6Q7MDxYyC\/+WK7R9zB119S\nB0qND7dvaBfqi87uTjvqYcHnbXTSMZ4LnbGHB\/5ytISywbAZ7Ivwh3h7FBqBs7D8\ndZlpFje4MTH7FhBBxrkgXqkEcKg8EPailjz7kyjUscZ9Np4npbsnSEc8sFrOANmN\ndkrrl4I5yr\/uyQ569GaUVky3BaV2X6CPYvT1G\/sC3LWiTQoGJsJpvNFpOgCaFF1R\ngccGDffn8QlYKTmCJ3gDlAMcNp4rDIs5tGEyIa5j2QiHlSLvljMAEPA3LQARAQAB\ntCpLYW1wa29taXRlZW4gPGthbXBrb21pdGVlbkBwcm90b25tYWlsLmNvbT6JAk4E\nEwEKADgWIQS0dhzBXTBXPwB4rGUaigj+D0NkjwUCZcVSmAIbAwULCQgHAwUVCgkI\nCwUWAgMBAAIeAQIXgAAKCRAaigj+D0Nkj1kWD\/9CLUMH1BOspWNWF461P4Y66TkP\n1pN+J+ZyMU2oApg4MEApeHTFdVj6iOy50I15UMq6GHOfoiWXEbM+IDaxJKxNxvdh\nqEcoJRvxPp4\/a84N9lhdAyXh8ll62\/yW6A+Q9JpwDkiIU0yGU5xI5fRq7SGPwQzV\nUa\/VfGIN86+97eSjTzUw2owJ756rFOcI\/28QsuR12HoArRRBaw5yUvcVOyASrpXw\nori9m50VUwGnvNYT7ZsTrqmVLFNyLzqk4XZBBFGseWWJpolSBW5DLnpHOFeDZD18\n02MuPqWRo4\/pH9lmeNyZftrsNWF6UbsRtz7JRgHE34lSf49n8sugZpJPSpX6IiQ8\nThVcX6LvMJrqBxNJw59rJJEA4IenyWJFtigZyv5fbu\/W37N5EsfsepAWuxRpRgpf\nF6aJ1N0CH77CFSbp5UQbPpW+hNNyZNz5mahfdv3qK6SxaHBj9km730hxZejHU8cX\nAlfnFO1dB4o663EMoyXXz3n94mPS1\/Fcs6zlvVmt2EGmMbNuBY0J37WA5OV9LsJw\nCFmx632xy6XNlwkQTRGhZrqbiwBV3HcAfACk3pVTlJ\/QMd6ESl5Tf\/WgAUwIbX6l\nABm8GVaKLWADbYHZItCuLNfT+q\/HSDfD7WZzicrkdlGACAt1evv2TkhAW6Zp37k1\n22gVh1QLScOPMoP7qrkCDQRlxVKYARAAvqbQhDAVcLYWOXcFu9P3jqTiBPlfS+FR\nSKx5XNxgWZgOTVrvjQ6rIxBrM2ZrxifffulNJjWL3vnsZ6uLpNUvKfKaTYz8Hpmf\nQQJXT3B5jB85W9bWHl7S3YST430m\/qBfAScd9ukUPDpI8GAkFeYeW+Ns0g+SLbav\ntT1ciZK8Zlk3nFPzfzNv6k0TIwWHVIxb\/IBZP5\/bt83bk0ym+XfoAwO+0IRnt+dy\nq5ke0wT6ARkAqKoZa0TiO20eJVMZuLk+8nYobcweZp0CxdFYu5vsoMsk2bHTsiAx\nMXAjtD9bo93mwxs3KCE27ftseYSQkRiUFKroLC9HHbWhE5iW1q\/zkH4\/L38vbh2j\n18VS1d3BDVTOq\/ff49e2ofZ6kJHqYl5x1uSmu+RBsRSSvH\/ZyW5cMj\/ScNGM9Um4\nf7koKevJ9aAPPpqmzp3JFGsiLIGXt3o76KcDKqLYQYml5Jpl7n9qe9+sR1UDH2g7\nUqm+CMd75IAlB+tIfLkcMUguHvvTs5gNrwyCVvIWXIX81UYUTOs7uWh6EgBgKDvw\nkfuEXokvepK\/sJJorm1MAST84NHdsBhK+4AQ664816fpdMuyaQD\/2wzUWbC+JnUm\nbzSlRYeJrMLrWA9uVTtAc0f4wO8BmT+BhKRz9frAWMWpuGg7Ais\/3Rv7XDJlQqlK\nrV\/mPA90HhUAEQEAAYkCNgQYAQoAIBYhBLR2HMFdMFc\/AHisZRqKCP4PQ2SPBQJl\nxVKYAhsMAAoJEBqKCP4PQ2SP\/u0P\/2y77EEvrggeHOgH+cdbdvRdNaUBffbSHbwW\nbj2vktdcPYcI8vaKuVWGH9UCzrqC57FP+foaSfvLMxCxo+cIu9uWAfVU4sXbSZpO\nCUbXFu36gMA3BWH9J2DFeWOq76CBbbJ3QnNDIqZ9QEZDve2zbp0GhQNFKSFuuLlO\njasjwjaERfMUNSs0Jxjwbf3JYypp3dLWtCJZK2htXoTZ1WLmDCSja4opzeE3YQti\nWz9S\/yTeYtFJxi5KI3f9213z0uy+rEpbjJ4bMoEvUV+K6rSlQLX1HJ7XssHPLZ\/U\nMjcqpW7BSYruPlJBASvt\/nFnIXqr+bVhHbMNNNIjU9cDLZn1C1ovkw6amHIC3n49\nNmaOVCRz3YxsFkcehc3EYJGfNGCTY09AuUcM5\/9usNsAPfdMas9PBDnqjF2EpSo3\nxVKBpRtq19eSABCbztBXRzF6\/NyM\/T6sThscL7XNntBMWiqZTdB6PJ\/MyHpiImWc\nB3+ZZFGoeYmfuZv+K91mDzI0ojOlYXvnE6HOSIPlEloIILCfryvCMGUdZY2h\/8O5\nXAdMYTDCt4WguZqDdHS9\/7Li2Ms\/lxshjhyi0wqclB1cKei9nueaB0zAlk35xS62\nYzA96suwPspRmS9sjQ0KYZTUHdY2RwlPlnPW+ktePWNuY0R\/I\/hm5OtuaspFU9qi\ned\/Fogi0\n=XdYX\n-----END PGP PUBLIC KEY BLOCK-----<\/code><\/pre>\n","protected":false},"excerpt":{"rendered":"<p>Ta gjerne kontakt med oss! V\u00e5r e-postadresse er: kampkomiteen@protonmail.com Har man sp\u00f8rsm\u00e5l, \u00f8nsker kontakt eller vil bli medlem oppfordrer vi<\/p>\n","protected":false},"author":2,"featured_media":0,"parent":0,"menu_order":0,"comment_status":"closed","ping_status":"closed","template":"","meta":{"advanced_seo_description":"","jetpack_seo_html_title":"","jetpack_seo_noindex":false,"footnotes":""},"class_list":["post-12","page","type-page","status-publish","hentry"],"jetpack_shortlink":"https:\/\/wp.me\/PchuPf-c","jetpack-related-posts":[{"id":43,"url":"https:\/\/kampkomiteen.net\/?page_id=43","url_meta":{"origin":12,"position":0},"title":"Om oss","author":"mollymovitz","date":"10. mars 2019","format":false,"excerpt":"Kampkomiteen ble stiftet 9. februar 2019. Vi arbeider under slagordet: Arbeidere og undertrykte i alle land, foren dere! Vi organiserer m\u00f8ter, setter opp plakater, g\u00e5r i demonstrasjoner og gjennomf\u00f8rer andre aktiviteter for \u00e5 skritt for skritt organisere flere mennesker for \u00e5 oppn\u00e5 v\u00e5re m\u00e5l. Vi har aktive lokale avdelinger i\u2026","rel":"","context":"Liknende innlegg","block_context":{"text":"Liknende innlegg","link":""},"img":{"alt_text":"","src":"","width":0,"height":0},"classes":[]},{"id":14,"url":"https:\/\/kampkomiteen.net\/?page_id=14","url_meta":{"origin":12,"position":1},"title":"V\u00e5rt program","author":"mollymovitz","date":"3. mars 2019","format":false,"excerpt":"Kampkomiteen arbeider i tr\u00e5d med v\u00e5rt program. Vil du kjempe for disse sakene sammen med oss? Bli med i Kampkomiteen! Arbeidere og undertrykte i alle land, foren dere! PROGRAM 1. Kamp mot imperialismen, det \u00f8konomiske og politiske systemet som i dag hersker i hele verden. Imperialismen deler verden inn i\u2026","rel":"","context":"Liknende innlegg","block_context":{"text":"Liknende innlegg","link":""},"img":{"alt_text":"","src":"","width":0,"height":0},"classes":[]},{"id":9599,"url":"https:\/\/kampkomiteen.net\/?page_id=9599","url_meta":{"origin":12,"position":2},"title":"Uttalelser","author":"mollymovitz","date":"28. september 2025","format":false,"excerpt":"Ned med \u00abOperasjon Kagaar\u00bb! 17. mars 2026 USA \u2013 hendene vekk fra Iran! 3. mars 2026 Ut p\u00e5 gata 8. mars! 23. februar 2026 Internasjonal kampanje: Yankee-imperialismen ut av Venezuela! 13. januar 2026 USA \u2013 henda vekk fra Venezuela! 4. januar 2026 Fellesuttalelse: Stopp forf\u00f8lgelsen av solidaritetsbevegelsen for Palestina! 9.\u2026","rel":"","context":"Liknende innlegg","block_context":{"text":"Liknende innlegg","link":""},"img":{"alt_text":"","src":"","width":0,"height":0},"classes":[]}],"jetpack_sharing_enabled":true,"_links":{"self":[{"href":"https:\/\/kampkomiteen.net\/index.php?rest_route=\/wp\/v2\/pages\/12","targetHints":{"allow":["GET"]}}],"collection":[{"href":"https:\/\/kampkomiteen.net\/index.php?rest_route=\/wp\/v2\/pages"}],"about":[{"href":"https:\/\/kampkomiteen.net\/index.php?rest_route=\/wp\/v2\/types\/page"}],"author":[{"embeddable":true,"href":"https:\/\/kampkomiteen.net\/index.php?rest_route=\/wp\/v2\/users\/2"}],"replies":[{"embeddable":true,"href":"https:\/\/kampkomiteen.net\/index.php?rest_route=%2Fwp%2Fv2%2Fcomments&post=12"}],"version-history":[{"count":4,"href":"https:\/\/kampkomiteen.net\/index.php?rest_route=\/wp\/v2\/pages\/12\/revisions"}],"predecessor-version":[{"id":8009,"href":"https:\/\/kampkomiteen.net\/index.php?rest_route=\/wp\/v2\/pages\/12\/revisions\/8009"}],"wp:attachment":[{"href":"https:\/\/kampkomiteen.net\/index.php?rest_route=%2Fwp%2Fv2%2Fmedia&parent=12"}],"curies":[{"name":"wp","href":"https:\/\/api.w.org\/{rel}","templated":true}]}}